{"id":2642,"date":"2024-07-19T06:36:04","date_gmt":"2024-07-19T06:36:04","guid":{"rendered":"https:\/\/app.farmres.eu\/ennaltaehkaisytyokalut"},"modified":"2024-07-29T09:49:53","modified_gmt":"2024-07-29T09:49:53","slug":"ennaltaehkaisytyokalut","status":"publish","type":"page","link":"https:\/\/app.farmres.eu\/fi\/ennaltaehkaisytyokalut","title":{"rendered":"Ennaltaehk\u00e4isy-ty\u00f6kalut"},"content":{"rendered":"\t\t<div data-elementor-type=\"wp-page\" data-elementor-id=\"2642\" class=\"elementor elementor-2642 elementor-2361\" data-elementor-post-type=\"page\">\n\t\t\t\t<div class=\"elementor-element elementor-element-75068ecc e-flex e-con-boxed e-con e-parent\" data-id=\"75068ecc\" data-element_type=\"container\" data-settings=\"{&quot;background_background&quot;:&quot;classic&quot;,&quot;shape_divider_bottom&quot;:&quot;curve&quot;,&quot;shape_divider_bottom_negative&quot;:&quot;yes&quot;}\">\n\t\t\t\t\t<div class=\"e-con-inner\">\n\t\t\t\t<div class=\"elementor-shape elementor-shape-bottom\" data-negative=\"true\">\n\t\t\t<svg xmlns=\"http:\/\/www.w3.org\/2000\/svg\" viewBox=\"0 0 1000 100\" preserveAspectRatio=\"none\">\n\t<path class=\"elementor-shape-fill\" d=\"M500,97C126.7,96.3,0.8,19.8,0,0v100l1000,0V1C1000,19.4,873.3,97.8,500,97z\"\/>\n<\/svg>\t\t<\/div>\n\t\t\t\t<div class=\"elementor-element elementor-element-f3bb2f2 elementor-widget elementor-widget-text-editor\" data-id=\"f3bb2f2\" data-element_type=\"widget\" data-widget_type=\"text-editor.default\">\n\t\t\t\t<div class=\"elementor-widget-container\">\n\t\t\t\t\t\t\t<p><strong>Maatalousyritt\u00e4jien mielenterveys ja hyvinvointi<\/strong> &#8211; ty\u00f6kalupakki on kattava kokonaisuus materiaalia, joka on suunniteltu tukemaan mielenterveytt\u00e4 ja fyysist\u00e4 terveytt\u00e4 erilaisten koulutusosioiden avulla.<\/p>\n\t\t\t\t\t\t<\/div>\n\t\t\t\t<\/div>\n\t\t\t\t\t<\/div>\n\t\t\t\t<\/div>\n\t\t<div class=\"elementor-element elementor-element-ff4120b success_cnt e-flex e-con-boxed e-con e-parent\" data-id=\"ff4120b\" data-element_type=\"container\" data-settings=\"{&quot;background_background&quot;:&quot;classic&quot;}\">\n\t\t\t\t\t<div class=\"e-con-inner\">\n\t\t\t\t<div class=\"elementor-element elementor-element-c1824e2 elementor-widget__width-initial elementor-widget elementor-widget-text-editor\" data-id=\"c1824e2\" data-element_type=\"widget\" data-widget_type=\"text-editor.default\">\n\t\t\t\t<div class=\"elementor-widget-container\">\n\t\t\t\t\t\t\t<p>Ty\u00f6kalupakissa korostetaan, ett\u00e4 on t\u00e4rke\u00e4\u00e4 sis\u00e4llytt\u00e4\u00e4 jokap\u00e4iv\u00e4iseen el\u00e4m\u00e4\u00e4n viisi tapaa hyvinvointiin &#8211; joukko n\u00e4ytt\u00f6\u00f6n perustuvia toimia henkil\u00f6kohtaisen hyvinvoinnin parantamiseksi &#8211; jotka on r\u00e4\u00e4t\u00e4l\u00f6ity erityisesti maatalousyritt\u00e4jien ainutlaatuisiin haasteisiin. N\u00e4ihin kuuluvat yhteydenpito, aktiivinen toiminta, ymp\u00e4rist\u00f6n ja tunteiden huomioiminen, jatkuva oppiminen ja muille antaminen. <\/p>\n<p>Kukin ty\u00f6kalupakin moduuli on suunniteltu k\u00e4yt\u00e4nn\u00f6nl\u00e4heiseksi ja suoraan sovellettavaksi, ja se antaa maatalousyritt\u00e4jille, heid\u00e4n perheilleen ja neuvojille tiedot ja taidot, joita he tarvitsevat mielenterveyden ennakoivaan ja tehokkaaseen hallintaan. Ty\u00f6kalupakki on osa laajempaa kokonaisuutta, jolla pyrit\u00e4\u00e4n parantamaan koulutuksen ja mielenterveysresurssien saatavuutta maatalousyritt\u00e4jille, erityisesti maaseudulla. <\/p>\n\t\t\t\t\t\t<\/div>\n\t\t\t\t<\/div>\n\t\t<div class=\"elementor-element elementor-element-bfab0fb e-con-full e-grid e-con e-child\" data-id=\"bfab0fb\" data-element_type=\"container\">\n\t\t<a data-dce-background-image-url=\"https:\/\/app.farmres.eu\/wp-content\/uploads\/2024\/07\/Tool-0-icon.svg\" class=\"elementor-element elementor-element-696f007 e-con-full e-flex e-con e-child\" data-id=\"696f007\" data-element_type=\"container\" data-settings=\"{&quot;background_background&quot;:&quot;classic&quot;}\" href=\"https:\/\/app.farmres.eu\/tool-0-introduction-self-learning-principles-and-basic-digital-skills-and-competences\">\n\t\t\t\t<div class=\"elementor-element elementor-element-52a307f elementor-widget elementor-widget-heading\" data-id=\"52a307f\" data-element_type=\"widget\" data-widget_type=\"heading.default\">\n\t\t\t\t<div class=\"elementor-widget-container\">\n\t\t\t<h3 class=\"elementor-heading-title elementor-size-default\">00. Johdanto: itseoppimisen periaatteet sek\u00e4 digitaaliset perustaidot ja -osaaminen.<\/h3>\t\t<\/div>\n\t\t\t\t<\/div>\n\t\t\t\t<\/a>\n\t\t<a data-dce-background-image-url=\"https:\/\/app.farmres.eu\/wp-content\/uploads\/2024\/07\/Tool-1-icon.svg\" class=\"elementor-element elementor-element-1e134dc e-con-full e-flex e-con e-child\" data-id=\"1e134dc\" data-element_type=\"container\" data-settings=\"{&quot;background_background&quot;:&quot;classic&quot;}\" href=\"https:\/\/app.farmres.eu\/tool-1-mental-health-challenges-and-stigma-reduction\">\n\t\t\t\t<div class=\"elementor-element elementor-element-090927a elementor-widget__width-initial elementor-widget elementor-widget-heading\" data-id=\"090927a\" data-element_type=\"widget\" data-widget_type=\"heading.default\">\n\t\t\t\t<div class=\"elementor-widget-container\">\n\t\t\t<h3 class=\"elementor-heading-title elementor-size-default\">01. Mielenterveyshaasteet ja leimautumisen v\u00e4hent\u00e4minen<\/h3>\t\t<\/div>\n\t\t\t\t<\/div>\n\t\t\t\t<\/a>\n\t\t<a data-dce-background-image-url=\"https:\/\/app.farmres.eu\/wp-content\/uploads\/2024\/07\/Tool-2-icon.svg\" class=\"elementor-element elementor-element-f8d3229 e-con-full e-flex e-con e-child\" data-id=\"f8d3229\" data-element_type=\"container\" data-settings=\"{&quot;background_background&quot;:&quot;classic&quot;}\" href=\"https:\/\/app.farmres.eu\/tool-2-how-to-talk-about-mental-health\">\n\t\t\t\t<div class=\"elementor-element elementor-element-51c430a elementor-widget__width-initial elementor-widget elementor-widget-heading\" data-id=\"51c430a\" data-element_type=\"widget\" data-widget_type=\"heading.default\">\n\t\t\t\t<div class=\"elementor-widget-container\">\n\t\t\t<h3 class=\"elementor-heading-title elementor-size-default\">02. Miten puhua mielenterveydest\u00e4<\/h3>\t\t<\/div>\n\t\t\t\t<\/div>\n\t\t\t\t<\/a>\n\t\t<a data-dce-background-image-url=\"https:\/\/app.farmres.eu\/wp-content\/uploads\/2024\/07\/Tool-3-icon.svg\" class=\"elementor-element elementor-element-4059a46 e-con-full e-flex e-con e-child\" data-id=\"4059a46\" data-element_type=\"container\" data-settings=\"{&quot;background_background&quot;:&quot;classic&quot;}\" href=\"https:\/\/app.farmres.eu\/tool-3-feeling-strong-emotions-and-farming-success\">\n\t\t\t\t<div class=\"elementor-element elementor-element-bd468da elementor-widget elementor-widget-heading\" data-id=\"bd468da\" data-element_type=\"widget\" data-widget_type=\"heading.default\">\n\t\t\t\t<div class=\"elementor-widget-container\">\n\t\t\t<h3 class=\"elementor-heading-title elementor-size-default\">03. Itsens\u00e4 vahvaksi tunteminen: tunteet ja maataloudessa menestyminen<\/h3>\t\t<\/div>\n\t\t\t\t<\/div>\n\t\t\t\t<\/a>\n\t\t<a data-dce-background-image-url=\"https:\/\/app.farmres.eu\/wp-content\/uploads\/2024\/07\/Tool-4-icon.svg\" class=\"elementor-element elementor-element-f153be2 e-con-full e-flex e-con e-child\" data-id=\"f153be2\" data-element_type=\"container\" data-settings=\"{&quot;background_background&quot;:&quot;classic&quot;}\" href=\"https:\/\/app.farmres.eu\/tool-4-business-management-aiming-at-reducing-stress-factors\">\n\t\t\t\t<div class=\"elementor-element elementor-element-2245247 elementor-widget elementor-widget-heading\" data-id=\"2245247\" data-element_type=\"widget\" data-widget_type=\"heading.default\">\n\t\t\t\t<div class=\"elementor-widget-container\">\n\t\t\t<h3 class=\"elementor-heading-title elementor-size-default\">04. Yrityksen johtaminen, jonka tavoitteena on v\u00e4hent\u00e4\u00e4 stressitekij\u00f6it\u00e4<\/h3>\t\t<\/div>\n\t\t\t\t<\/div>\n\t\t\t\t<\/a>\n\t\t<a data-dce-background-image-url=\"https:\/\/app.farmres.eu\/wp-content\/uploads\/2024\/07\/Tool-5-icon.svg\" class=\"elementor-element elementor-element-9775f8c e-con-full e-flex e-con e-child\" data-id=\"9775f8c\" data-element_type=\"container\" data-settings=\"{&quot;background_background&quot;:&quot;classic&quot;}\" href=\"https:\/\/app.farmres.eu\/tool-5-time-management-on-family-farms-for-mental-health-and-work-life-balance\">\n\t\t\t\t<div class=\"elementor-element elementor-element-ce84ca2 elementor-widget elementor-widget-heading\" data-id=\"ce84ca2\" data-element_type=\"widget\" data-widget_type=\"heading.default\">\n\t\t\t\t<div class=\"elementor-widget-container\">\n\t\t\t<h3 class=\"elementor-heading-title elementor-size-default\">05. Ajanhallinta perhetiloilla mielenterveyden ja ty\u00f6- ja yksityisel\u00e4m\u00e4n tasapainon kannalta<\/h3>\t\t<\/div>\n\t\t\t\t<\/div>\n\t\t\t\t<\/a>\n\t\t\t\t<\/div>\n\t\t\t\t\t<\/div>\n\t\t\t\t<\/div>\n\t\t\t\t<\/div>\n\t\t","protected":false},"excerpt":{"rendered":"<p>Maatalousyritt\u00e4jien mielenterveys ja hyvinvointi &#8211; ty\u00f6kalupakki on kattava kokonaisuus materiaalia, joka on suunniteltu tukemaan mielenterveytt\u00e4 ja fyysist\u00e4 terveytt\u00e4 erilaisten koulutusosioiden avulla. Ty\u00f6kalupakissa korostetaan, ett\u00e4 on t\u00e4rke\u00e4\u00e4 sis\u00e4llytt\u00e4\u00e4 jokap\u00e4iv\u00e4iseen el\u00e4m\u00e4\u00e4n viisi tapaa hyvinvointiin &#8211; joukko n\u00e4ytt\u00f6\u00f6n perustuvia toimia henkil\u00f6kohtaisen hyvinvoinnin parantamiseksi &#8211; jotka on r\u00e4\u00e4t\u00e4l\u00f6ity erityisesti maatalousyritt\u00e4jien ainutlaatuisiin haasteisiin. N\u00e4ihin kuuluvat yhteydenpito, aktiivinen toiminta, ymp\u00e4rist\u00f6n ja [&hellip;]<\/p>\n","protected":false},"author":1,"featured_media":0,"parent":0,"menu_order":0,"comment_status":"closed","ping_status":"closed","template":"elementor_header_footer","meta":{"_acf_changed":false,"footnotes":""},"class_list":["post-2642","page","type-page","status-publish","hentry"],"acf":[],"yoast_head":"<!-- This site is optimized with the Yoast SEO plugin v23.9 - https:\/\/yoast.com\/wordpress\/plugins\/seo\/ -->\n<title>Ennaltaehk\u00e4isy-ty\u00f6kalut - FARMRes web-app<\/title>\n<meta name=\"robots\" content=\"index, follow, max-snippet:-1, max-image-preview:large, max-video-preview:-1\" \/>\n<link rel=\"canonical\" href=\"https:\/\/app.farmres.eu\/fi\/ennaltaehkaisytyokalut\" \/>\n<meta property=\"og:locale\" content=\"fi_FI\" \/>\n<meta property=\"og:type\" content=\"article\" \/>\n<meta property=\"og:title\" content=\"Ennaltaehk\u00e4isy-ty\u00f6kalut - FARMRes web-app\" \/>\n<meta property=\"og:description\" content=\"Maatalousyritt\u00e4jien mielenterveys ja hyvinvointi &#8211; ty\u00f6kalupakki on kattava kokonaisuus materiaalia, joka on suunniteltu tukemaan mielenterveytt\u00e4 ja fyysist\u00e4 terveytt\u00e4 erilaisten koulutusosioiden avulla. Ty\u00f6kalupakissa korostetaan, ett\u00e4 on t\u00e4rke\u00e4\u00e4 sis\u00e4llytt\u00e4\u00e4 jokap\u00e4iv\u00e4iseen el\u00e4m\u00e4\u00e4n viisi tapaa hyvinvointiin &#8211; joukko n\u00e4ytt\u00f6\u00f6n perustuvia toimia henkil\u00f6kohtaisen hyvinvoinnin parantamiseksi &#8211; jotka on r\u00e4\u00e4t\u00e4l\u00f6ity erityisesti maatalousyritt\u00e4jien ainutlaatuisiin haasteisiin. N\u00e4ihin kuuluvat yhteydenpito, aktiivinen toiminta, ymp\u00e4rist\u00f6n ja [&hellip;]\" \/>\n<meta property=\"og:url\" content=\"https:\/\/app.farmres.eu\/fi\/ennaltaehkaisytyokalut\" \/>\n<meta property=\"og:site_name\" content=\"FARMRes web-app\" \/>\n<meta property=\"article:modified_time\" content=\"2024-07-29T09:49:53+00:00\" \/>\n<meta name=\"twitter:card\" content=\"summary_large_image\" \/>\n<meta name=\"twitter:label1\" content=\"Arvioitu lukuaika\" \/>\n\t<meta name=\"twitter:data1\" content=\"1 minuutti\" \/>\n<script type=\"application\/ld+json\" class=\"yoast-schema-graph\">{\"@context\":\"https:\/\/schema.org\",\"@graph\":[{\"@type\":\"WebPage\",\"@id\":\"https:\/\/app.farmres.eu\/fi\/ennaltaehkaisytyokalut\",\"url\":\"https:\/\/app.farmres.eu\/fi\/ennaltaehkaisytyokalut\",\"name\":\"Ennaltaehk\u00e4isy-ty\u00f6kalut - FARMRes web-app\",\"isPartOf\":{\"@id\":\"https:\/\/app.farmres.eu\/fi\/#website\"},\"datePublished\":\"2024-07-19T06:36:04+00:00\",\"dateModified\":\"2024-07-29T09:49:53+00:00\",\"breadcrumb\":{\"@id\":\"https:\/\/app.farmres.eu\/fi\/ennaltaehkaisytyokalut#breadcrumb\"},\"inLanguage\":\"fi\",\"potentialAction\":[{\"@type\":\"ReadAction\",\"target\":[\"https:\/\/app.farmres.eu\/fi\/ennaltaehkaisytyokalut\"]}]},{\"@type\":\"BreadcrumbList\",\"@id\":\"https:\/\/app.farmres.eu\/fi\/ennaltaehkaisytyokalut#breadcrumb\",\"itemListElement\":[{\"@type\":\"ListItem\",\"position\":1,\"name\":\"Home\",\"item\":\"https:\/\/app.farmres.eu\/fi\/etusivu\"},{\"@type\":\"ListItem\",\"position\":2,\"name\":\"Ennaltaehk\u00e4isy-ty\u00f6kalut\"}]},{\"@type\":\"WebSite\",\"@id\":\"https:\/\/app.farmres.eu\/fi\/#website\",\"url\":\"https:\/\/app.farmres.eu\/fi\/\",\"name\":\"FARMRes web-app\",\"description\":\"\",\"publisher\":{\"@id\":\"https:\/\/app.farmres.eu\/fi\/#organization\"},\"potentialAction\":[{\"@type\":\"SearchAction\",\"target\":{\"@type\":\"EntryPoint\",\"urlTemplate\":\"https:\/\/app.farmres.eu\/fi\/?s={search_term_string}\"},\"query-input\":{\"@type\":\"PropertyValueSpecification\",\"valueRequired\":true,\"valueName\":\"search_term_string\"}}],\"inLanguage\":\"fi\"},{\"@type\":\"Organization\",\"@id\":\"https:\/\/app.farmres.eu\/fi\/#organization\",\"name\":\"FARMRes web-app\",\"url\":\"https:\/\/app.farmres.eu\/fi\/\",\"logo\":{\"@type\":\"ImageObject\",\"inLanguage\":\"fi\",\"@id\":\"https:\/\/app.farmres.eu\/fi\/#\/schema\/logo\/image\/\",\"url\":\"https:\/\/app.farmres.eu\/wp-content\/uploads\/2023\/06\/FARMRes-PNG_right.png\",\"contentUrl\":\"https:\/\/app.farmres.eu\/wp-content\/uploads\/2023\/06\/FARMRes-PNG_right.png\",\"width\":3336,\"height\":706,\"caption\":\"FARMRes web-app\"},\"image\":{\"@id\":\"https:\/\/app.farmres.eu\/fi\/#\/schema\/logo\/image\/\"}}]}<\/script>\n<!-- \/ Yoast SEO plugin. -->","yoast_head_json":{"title":"Ennaltaehk\u00e4isy-ty\u00f6kalut - FARMRes web-app","robots":{"index":"index","follow":"follow","max-snippet":"max-snippet:-1","max-image-preview":"max-image-preview:large","max-video-preview":"max-video-preview:-1"},"canonical":"https:\/\/app.farmres.eu\/fi\/ennaltaehkaisytyokalut","og_locale":"fi_FI","og_type":"article","og_title":"Ennaltaehk\u00e4isy-ty\u00f6kalut - FARMRes web-app","og_description":"Maatalousyritt\u00e4jien mielenterveys ja hyvinvointi &#8211; ty\u00f6kalupakki on kattava kokonaisuus materiaalia, joka on suunniteltu tukemaan mielenterveytt\u00e4 ja fyysist\u00e4 terveytt\u00e4 erilaisten koulutusosioiden avulla. Ty\u00f6kalupakissa korostetaan, ett\u00e4 on t\u00e4rke\u00e4\u00e4 sis\u00e4llytt\u00e4\u00e4 jokap\u00e4iv\u00e4iseen el\u00e4m\u00e4\u00e4n viisi tapaa hyvinvointiin &#8211; joukko n\u00e4ytt\u00f6\u00f6n perustuvia toimia henkil\u00f6kohtaisen hyvinvoinnin parantamiseksi &#8211; jotka on r\u00e4\u00e4t\u00e4l\u00f6ity erityisesti maatalousyritt\u00e4jien ainutlaatuisiin haasteisiin. N\u00e4ihin kuuluvat yhteydenpito, aktiivinen toiminta, ymp\u00e4rist\u00f6n ja [&hellip;]","og_url":"https:\/\/app.farmres.eu\/fi\/ennaltaehkaisytyokalut","og_site_name":"FARMRes web-app","article_modified_time":"2024-07-29T09:49:53+00:00","twitter_card":"summary_large_image","twitter_misc":{"Arvioitu lukuaika":"1 minuutti"},"schema":{"@context":"https:\/\/schema.org","@graph":[{"@type":"WebPage","@id":"https:\/\/app.farmres.eu\/fi\/ennaltaehkaisytyokalut","url":"https:\/\/app.farmres.eu\/fi\/ennaltaehkaisytyokalut","name":"Ennaltaehk\u00e4isy-ty\u00f6kalut - FARMRes web-app","isPartOf":{"@id":"https:\/\/app.farmres.eu\/fi\/#website"},"datePublished":"2024-07-19T06:36:04+00:00","dateModified":"2024-07-29T09:49:53+00:00","breadcrumb":{"@id":"https:\/\/app.farmres.eu\/fi\/ennaltaehkaisytyokalut#breadcrumb"},"inLanguage":"fi","potentialAction":[{"@type":"ReadAction","target":["https:\/\/app.farmres.eu\/fi\/ennaltaehkaisytyokalut"]}]},{"@type":"BreadcrumbList","@id":"https:\/\/app.farmres.eu\/fi\/ennaltaehkaisytyokalut#breadcrumb","itemListElement":[{"@type":"ListItem","position":1,"name":"Home","item":"https:\/\/app.farmres.eu\/fi\/etusivu"},{"@type":"ListItem","position":2,"name":"Ennaltaehk\u00e4isy-ty\u00f6kalut"}]},{"@type":"WebSite","@id":"https:\/\/app.farmres.eu\/fi\/#website","url":"https:\/\/app.farmres.eu\/fi\/","name":"FARMRes web-app","description":"","publisher":{"@id":"https:\/\/app.farmres.eu\/fi\/#organization"},"potentialAction":[{"@type":"SearchAction","target":{"@type":"EntryPoint","urlTemplate":"https:\/\/app.farmres.eu\/fi\/?s={search_term_string}"},"query-input":{"@type":"PropertyValueSpecification","valueRequired":true,"valueName":"search_term_string"}}],"inLanguage":"fi"},{"@type":"Organization","@id":"https:\/\/app.farmres.eu\/fi\/#organization","name":"FARMRes web-app","url":"https:\/\/app.farmres.eu\/fi\/","logo":{"@type":"ImageObject","inLanguage":"fi","@id":"https:\/\/app.farmres.eu\/fi\/#\/schema\/logo\/image\/","url":"https:\/\/app.farmres.eu\/wp-content\/uploads\/2023\/06\/FARMRes-PNG_right.png","contentUrl":"https:\/\/app.farmres.eu\/wp-content\/uploads\/2023\/06\/FARMRes-PNG_right.png","width":3336,"height":706,"caption":"FARMRes web-app"},"image":{"@id":"https:\/\/app.farmres.eu\/fi\/#\/schema\/logo\/image\/"}}]}},"_links":{"self":[{"href":"https:\/\/app.farmres.eu\/fi\/wp-json\/wp\/v2\/pages\/2642","targetHints":{"allow":["GET"]}}],"collection":[{"href":"https:\/\/app.farmres.eu\/fi\/wp-json\/wp\/v2\/pages"}],"about":[{"href":"https:\/\/app.farmres.eu\/fi\/wp-json\/wp\/v2\/types\/page"}],"author":[{"embeddable":true,"href":"https:\/\/app.farmres.eu\/fi\/wp-json\/wp\/v2\/users\/1"}],"replies":[{"embeddable":true,"href":"https:\/\/app.farmres.eu\/fi\/wp-json\/wp\/v2\/comments?post=2642"}],"version-history":[{"count":3,"href":"https:\/\/app.farmres.eu\/fi\/wp-json\/wp\/v2\/pages\/2642\/revisions"}],"predecessor-version":[{"id":3074,"href":"https:\/\/app.farmres.eu\/fi\/wp-json\/wp\/v2\/pages\/2642\/revisions\/3074"}],"wp:attachment":[{"href":"https:\/\/app.farmres.eu\/fi\/wp-json\/wp\/v2\/media?parent=2642"}],"curies":[{"name":"wp","href":"https:\/\/api.w.org\/{rel}","templated":true}]}}