{"id":3053,"date":"2024-07-10T08:23:22","date_gmt":"2024-07-10T08:23:22","guid":{"rendered":"https:\/\/app.farmres.eu\/erste-hilfe-material-fuer-berater"},"modified":"2024-07-29T09:43:20","modified_gmt":"2024-07-29T09:43:20","slug":"erste-hilfe-material-fuer-berater","status":"publish","type":"page","link":"https:\/\/app.farmres.eu\/de\/erste-hilfe-material-fuer-berater","title":{"rendered":"Erste-Hilfe-Material f\u00fcr Berater"},"content":{"rendered":"\t\t<div data-elementor-type=\"wp-page\" data-elementor-id=\"3053\" class=\"elementor elementor-3053 elementor-2138\" data-elementor-post-type=\"page\">\n\t\t\t\t<div data-dce-background-image-url=\"https:\/\/app.farmres.eu\/wp-content\/uploads\/2024\/05\/Main-illustration_2.png\" class=\"elementor-element elementor-element-e338fef e-flex e-con-boxed e-con e-parent\" data-id=\"e338fef\" data-element_type=\"container\" data-settings=\"{&quot;background_background&quot;:&quot;classic&quot;}\">\n\t\t\t\t\t<div class=\"e-con-inner\">\n\t\t<div class=\"elementor-element elementor-element-9b01438 e-con-full e-flex e-con e-child\" data-id=\"9b01438\" data-element_type=\"container\">\n\t\t\t\t<div class=\"elementor-element elementor-element-ebf2612 elementor-widget elementor-widget-heading\" data-id=\"ebf2612\" data-element_type=\"widget\" data-widget_type=\"heading.default\">\n\t\t\t\t<div class=\"elementor-widget-container\">\n\t\t\t<h1 class=\"elementor-heading-title elementor-size-default\">Erste-Hilfe-Material<\/h1>\t\t<\/div>\n\t\t\t\t<\/div>\n\t\t\t\t<div class=\"elementor-element elementor-element-d65e334 elementor-widget elementor-widget-heading\" data-id=\"d65e334\" data-element_type=\"widget\" data-widget_type=\"heading.default\">\n\t\t\t\t<div class=\"elementor-widget-container\">\n\t\t\t<div class=\"elementor-heading-title elementor-size-default\">F\u00fcr Familienangeh\u00f6rige und Berater von Landwirten<\/div>\t\t<\/div>\n\t\t\t\t<\/div>\n\t\t\t\t<\/div>\n\t\t\t\t\t<\/div>\n\t\t\t\t<\/div>\n\t\t<div class=\"elementor-element elementor-element-f8688f5 e-flex e-con-boxed e-con e-parent\" data-id=\"f8688f5\" data-element_type=\"container\">\n\t\t\t\t\t<div class=\"e-con-inner\">\n\t\t\t\t<div class=\"elementor-element elementor-element-dc68ab4 elementor-widget__width-inherit dce-col-tablet-2 dce-posts-layout-template dce-col-4 dce-col-mobile-1 elementor-widget elementor-widget-dce-dynamicposts-v2\" data-id=\"dc68ab4\" data-element_type=\"widget\" data-settings=\"{&quot;style_items&quot;:&quot;template&quot;,&quot;grid_match_height&quot;:&quot;yes&quot;,&quot;grid_grid_type&quot;:&quot;flex&quot;}\" data-widget_type=\"dce-dynamicposts-v2.grid\">\n\t\t\t\t<div class=\"elementor-widget-container\">\n\t\t\t\n\t\t<div class=\"dce-fix-background-loop dce-posts-container dce-posts dce-dynamic-posts-collection  dce-skin-grid dce-skin-grid-flex\">\n\t\t\t\t\t\t<div class=\"dce-posts-wrapper dce-wrapper-grid\">\n\t\t\t\n\t\t<article class=\"post-2646 first-aid-tools type-first-aid-tools status-publish format-standard has-post-thumbnail hentry tool-recipient-berater dce-post dce-post-item dce-item-grid\" data-dce-post-id=\"2646\" data-dce-post-index=\"0\">\n\t\t\t<div class=\"dce-post-block elementor-animation-shrink\">\n\t\t<style>.elementor-2234 .elementor-element.elementor-element-b16d00a{--display:flex;--flex-direction:column;--container-widget-width:100%;--container-widget-height:initial;--container-widget-flex-grow:0;--container-widget-align-self:initial;--flex-wrap-mobile:wrap;--gap:1rem 1rem;--background-transition:0.3s;--padding-top:2rem;--padding-bottom:2rem;--padding-left:2rem;--padding-right:2rem;}.elementor-2234 .elementor-element.elementor-element-b16d00a:not(.elementor-motion-effects-element-type-background), .elementor-2234 .elementor-element.elementor-element-b16d00a > .elementor-motion-effects-container > .elementor-motion-effects-layer{background-color:var( --e-global-color-0599f56 );}.elementor-2234 .elementor-element.elementor-element-b16d00a:hover{background-color:var( --e-global-color-primary );}.elementor-2234 .elementor-element.elementor-element-b16d00a, .elementor-2234 .elementor-element.elementor-element-b16d00a::before{--border-transition:0.3s;}.elementor-widget-image .widget-image-caption{color:var( --e-global-color-text );font-family:var( --e-global-typography-text-font-family ), Sans-serif;font-size:var( --e-global-typography-text-font-size );font-weight:var( --e-global-typography-text-font-weight );}.elementor-2234 .elementor-element.elementor-element-e70d6d0{width:initial;max-width:initial;}.elementor-2234 .elementor-element.elementor-element-e70d6d0 > .elementor-widget-container{margin:0rem 0rem 1rem 0rem;}.elementor-2234 .elementor-element.elementor-element-e70d6d0.elementor-element{--align-self:stretch;}.elementor-widget-heading .elementor-heading-title{color:var( --e-global-color-primary );font-family:var( --e-global-typography-primary-font-family ), Sans-serif;font-weight:var( --e-global-typography-primary-font-weight );}.elementor-2234 .elementor-element.elementor-element-257490e .elementor-heading-title{color:var( --e-global-color-46df098 );font-family:\"Nunito\", Sans-serif;font-size:1.9em;font-weight:600;}.elementor-2234 .elementor-element.elementor-element-3aa913f{width:100%;max-width:100%;}.elementor-2234 .elementor-element.elementor-element-3aa913f .elementor-heading-title{color:var( --e-global-color-primary );font-family:\"Nunito\", Sans-serif;font-size:2rem;font-weight:700;}@media(min-width:501px){.elementor-2234 .elementor-element.elementor-element-b16d00a{--width:25rem;}}@media(max-width:1024px){.elementor-widget-image .widget-image-caption{font-size:var( --e-global-typography-text-font-size );}.elementor-2234 .elementor-element.elementor-element-3aa913f{width:100%;max-width:100%;}}@media(max-width:500px){.elementor-widget-image .widget-image-caption{font-size:var( --e-global-typography-text-font-size );}}\/* Start custom CSS for image, class: .elementor-element-e70d6d0 *\/.elementor-2234 .elementor-element.elementor-element-e70d6d0 {\n    text-align: left;\n}\n.elementor-2234 .elementor-element.elementor-element-e70d6d0 img {\n    height: 6.5em!important;\n    width: auto!important;\n}\/* End custom CSS *\/\n\/* Start custom CSS for container, class: .elementor-element-b16d00a *\/.elementor-2234 .elementor-element.elementor-element-b16d00a:hover h3 {\n    color: white!important;\n}\n.elementor-2234 .elementor-element.elementor-element-b16d00a:hover img {\n    filter: brightness(0) invert(1);\n}\/* End custom CSS *\/<\/style>\t\t<div data-elementor-type=\"section\" data-elementor-id=\"2234\" class=\"elementor elementor-2234 dce-elementor-rendering-id-1\" data-elementor-post-type=\"elementor_library\">\n\t\t\t<a class=\"elementor-element elementor-element-b16d00a e-con-full e-flex e-con e-parent\" data-id=\"b16d00a\" data-element_type=\"container\" data-settings=\"{&quot;background_background&quot;:&quot;classic&quot;}\" href=\"https:\/\/app.farmres.eu\/de\/first-aid-tools\/farmres-hilfsmittel-zur-erkennung\">\n\t\t\t\t<div class=\"elementor-element elementor-element-e70d6d0 elementor-widget__width-initial dce_masking-none elementor-widget elementor-widget-image\" data-id=\"e70d6d0\" data-element_type=\"widget\" data-widget_type=\"image.default\">\n\t\t\t\t<div class=\"elementor-widget-container\">\n\t\t\t\t\t\t\t\t\t\t\t\t\t<img decoding=\"async\" width=\"1\" height=\"1\" src=\"https:\/\/app.farmres.eu\/wp-content\/uploads\/2024\/07\/4-detection-tool.svg\" class=\"attachment-large size-large wp-image-2226\" alt=\"\" \/>\t\t\t\t\t\t\t\t\t\t\t\t\t<\/div>\n\t\t\t\t<\/div>\n\t\t\t\t<div class=\"elementor-element elementor-element-257490e elementor-widget elementor-widget-heading\" data-id=\"257490e\" data-element_type=\"widget\" data-widget_type=\"heading.default\">\n\t\t\t\t<div class=\"elementor-widget-container\">\n\t\t\t<span class=\"elementor-heading-title elementor-size-default\">01<\/span>\t\t<\/div>\n\t\t\t\t<\/div>\n\t\t\t\t<div class=\"elementor-element elementor-element-3aa913f elementor-widget__width-inherit elementor-widget-tablet__width-inherit elementor-widget elementor-widget-heading\" data-id=\"3aa913f\" data-element_type=\"widget\" data-widget_type=\"heading.default\">\n\t\t\t\t<div class=\"elementor-widget-container\">\n\t\t\t<h3 class=\"elementor-heading-title elementor-size-default\">FARMRes: Hilfsmittel zur Erkennung<\/h3>\t\t<\/div>\n\t\t\t\t<\/div>\n\t\t\t\t<\/a>\n\t\t\t\t<\/div>\n\t\t\t\t\t<\/div>\n\t\t<\/article>\n\t\t\n\t\t<article class=\"post-2648 first-aid-tools type-first-aid-tools status-publish format-standard has-post-thumbnail hentry tool-recipient-berater dce-post dce-post-item dce-item-grid\" data-dce-post-id=\"2648\" data-dce-post-index=\"1\">\n\t\t\t<div class=\"dce-post-block elementor-animation-shrink\">\n\t\t<style>.elementor-2234 .elementor-element.elementor-element-b16d00a{--display:flex;--flex-direction:column;--container-widget-width:100%;--container-widget-height:initial;--container-widget-flex-grow:0;--container-widget-align-self:initial;--flex-wrap-mobile:wrap;--gap:1rem 1rem;--background-transition:0.3s;--padding-top:2rem;--padding-bottom:2rem;--padding-left:2rem;--padding-right:2rem;}.elementor-2234 .elementor-element.elementor-element-b16d00a:not(.elementor-motion-effects-element-type-background), .elementor-2234 .elementor-element.elementor-element-b16d00a > .elementor-motion-effects-container > .elementor-motion-effects-layer{background-color:var( --e-global-color-0599f56 );}.elementor-2234 .elementor-element.elementor-element-b16d00a:hover{background-color:var( --e-global-color-primary );}.elementor-2234 .elementor-element.elementor-element-b16d00a, .elementor-2234 .elementor-element.elementor-element-b16d00a::before{--border-transition:0.3s;}.elementor-widget-image .widget-image-caption{color:var( --e-global-color-text );font-family:var( --e-global-typography-text-font-family ), Sans-serif;font-size:var( --e-global-typography-text-font-size );font-weight:var( --e-global-typography-text-font-weight );}.elementor-2234 .elementor-element.elementor-element-e70d6d0{width:initial;max-width:initial;}.elementor-2234 .elementor-element.elementor-element-e70d6d0 > .elementor-widget-container{margin:0rem 0rem 1rem 0rem;}.elementor-2234 .elementor-element.elementor-element-e70d6d0.elementor-element{--align-self:stretch;}.elementor-widget-heading .elementor-heading-title{color:var( --e-global-color-primary );font-family:var( --e-global-typography-primary-font-family ), Sans-serif;font-weight:var( --e-global-typography-primary-font-weight );}.elementor-2234 .elementor-element.elementor-element-257490e .elementor-heading-title{color:var( --e-global-color-46df098 );font-family:\"Nunito\", Sans-serif;font-size:1.9em;font-weight:600;}.elementor-2234 .elementor-element.elementor-element-3aa913f{width:100%;max-width:100%;}.elementor-2234 .elementor-element.elementor-element-3aa913f .elementor-heading-title{color:var( --e-global-color-primary );font-family:\"Nunito\", Sans-serif;font-size:2rem;font-weight:700;}@media(min-width:501px){.elementor-2234 .elementor-element.elementor-element-b16d00a{--width:25rem;}}@media(max-width:1024px){.elementor-widget-image .widget-image-caption{font-size:var( --e-global-typography-text-font-size );}.elementor-2234 .elementor-element.elementor-element-3aa913f{width:100%;max-width:100%;}}@media(max-width:500px){.elementor-widget-image .widget-image-caption{font-size:var( --e-global-typography-text-font-size );}}\/* Start custom CSS for image, class: .elementor-element-e70d6d0 *\/.elementor-2234 .elementor-element.elementor-element-e70d6d0 {\n    text-align: left;\n}\n.elementor-2234 .elementor-element.elementor-element-e70d6d0 img {\n    height: 6.5em!important;\n    width: auto!important;\n}\/* End custom CSS *\/\n\/* Start custom CSS for container, class: .elementor-element-b16d00a *\/.elementor-2234 .elementor-element.elementor-element-b16d00a:hover h3 {\n    color: white!important;\n}\n.elementor-2234 .elementor-element.elementor-element-b16d00a:hover img {\n    filter: brightness(0) invert(1);\n}\/* End custom CSS *\/<\/style>\t\t<div data-elementor-type=\"section\" data-elementor-id=\"2234\" class=\"elementor elementor-2234 dce-elementor-rendering-id-2\" data-elementor-post-type=\"elementor_library\">\n\t\t\t<a class=\"elementor-element elementor-element-b16d00a e-con-full e-flex e-con e-parent\" data-id=\"b16d00a\" data-element_type=\"container\" data-settings=\"{&quot;background_background&quot;:&quot;classic&quot;}\" href=\"https:\/\/app.farmres.eu\/de\/first-aid-tools\/tipp-box\">\n\t\t\t\t<div class=\"elementor-element elementor-element-e70d6d0 elementor-widget__width-initial dce_masking-none elementor-widget elementor-widget-image\" data-id=\"e70d6d0\" data-element_type=\"widget\" data-widget_type=\"image.default\">\n\t\t\t\t<div class=\"elementor-widget-container\">\n\t\t\t\t\t\t\t\t\t\t\t\t\t<img decoding=\"async\" width=\"1\" height=\"1\" src=\"https:\/\/app.farmres.eu\/wp-content\/uploads\/2024\/07\/3-tip-box.svg\" class=\"attachment-large size-large wp-image-2222\" alt=\"\" \/>\t\t\t\t\t\t\t\t\t\t\t\t\t<\/div>\n\t\t\t\t<\/div>\n\t\t\t\t<div class=\"elementor-element elementor-element-257490e elementor-widget elementor-widget-heading\" data-id=\"257490e\" data-element_type=\"widget\" data-widget_type=\"heading.default\">\n\t\t\t\t<div class=\"elementor-widget-container\">\n\t\t\t<span class=\"elementor-heading-title elementor-size-default\">02<\/span>\t\t<\/div>\n\t\t\t\t<\/div>\n\t\t\t\t<div class=\"elementor-element elementor-element-3aa913f elementor-widget__width-inherit elementor-widget-tablet__width-inherit elementor-widget elementor-widget-heading\" data-id=\"3aa913f\" data-element_type=\"widget\" data-widget_type=\"heading.default\">\n\t\t\t\t<div class=\"elementor-widget-container\">\n\t\t\t<h3 class=\"elementor-heading-title elementor-size-default\">Tipp-Box<\/h3>\t\t<\/div>\n\t\t\t\t<\/div>\n\t\t\t\t<\/a>\n\t\t\t\t<\/div>\n\t\t\t\t\t<\/div>\n\t\t<\/article>\n\t\t\n\t\t<article class=\"post-2650 first-aid-tools type-first-aid-tools status-publish format-standard has-post-thumbnail hentry tool-recipient-berater dce-post dce-post-item dce-item-grid\" data-dce-post-id=\"2650\" data-dce-post-index=\"2\">\n\t\t\t<div class=\"dce-post-block elementor-animation-shrink\">\n\t\t<style>.elementor-2234 .elementor-element.elementor-element-b16d00a{--display:flex;--flex-direction:column;--container-widget-width:100%;--container-widget-height:initial;--container-widget-flex-grow:0;--container-widget-align-self:initial;--flex-wrap-mobile:wrap;--gap:1rem 1rem;--background-transition:0.3s;--padding-top:2rem;--padding-bottom:2rem;--padding-left:2rem;--padding-right:2rem;}.elementor-2234 .elementor-element.elementor-element-b16d00a:not(.elementor-motion-effects-element-type-background), .elementor-2234 .elementor-element.elementor-element-b16d00a > .elementor-motion-effects-container > .elementor-motion-effects-layer{background-color:var( --e-global-color-0599f56 );}.elementor-2234 .elementor-element.elementor-element-b16d00a:hover{background-color:var( --e-global-color-primary );}.elementor-2234 .elementor-element.elementor-element-b16d00a, .elementor-2234 .elementor-element.elementor-element-b16d00a::before{--border-transition:0.3s;}.elementor-widget-image .widget-image-caption{color:var( --e-global-color-text );font-family:var( --e-global-typography-text-font-family ), Sans-serif;font-size:var( --e-global-typography-text-font-size );font-weight:var( --e-global-typography-text-font-weight );}.elementor-2234 .elementor-element.elementor-element-e70d6d0{width:initial;max-width:initial;}.elementor-2234 .elementor-element.elementor-element-e70d6d0 > .elementor-widget-container{margin:0rem 0rem 1rem 0rem;}.elementor-2234 .elementor-element.elementor-element-e70d6d0.elementor-element{--align-self:stretch;}.elementor-widget-heading .elementor-heading-title{color:var( --e-global-color-primary );font-family:var( --e-global-typography-primary-font-family ), Sans-serif;font-weight:var( --e-global-typography-primary-font-weight );}.elementor-2234 .elementor-element.elementor-element-257490e .elementor-heading-title{color:var( --e-global-color-46df098 );font-family:\"Nunito\", Sans-serif;font-size:1.9em;font-weight:600;}.elementor-2234 .elementor-element.elementor-element-3aa913f{width:100%;max-width:100%;}.elementor-2234 .elementor-element.elementor-element-3aa913f .elementor-heading-title{color:var( --e-global-color-primary );font-family:\"Nunito\", Sans-serif;font-size:2rem;font-weight:700;}@media(min-width:501px){.elementor-2234 .elementor-element.elementor-element-b16d00a{--width:25rem;}}@media(max-width:1024px){.elementor-widget-image .widget-image-caption{font-size:var( --e-global-typography-text-font-size );}.elementor-2234 .elementor-element.elementor-element-3aa913f{width:100%;max-width:100%;}}@media(max-width:500px){.elementor-widget-image .widget-image-caption{font-size:var( --e-global-typography-text-font-size );}}\/* Start custom CSS for image, class: .elementor-element-e70d6d0 *\/.elementor-2234 .elementor-element.elementor-element-e70d6d0 {\n    text-align: left;\n}\n.elementor-2234 .elementor-element.elementor-element-e70d6d0 img {\n    height: 6.5em!important;\n    width: auto!important;\n}\/* End custom CSS *\/\n\/* Start custom CSS for container, class: .elementor-element-b16d00a *\/.elementor-2234 .elementor-element.elementor-element-b16d00a:hover h3 {\n    color: white!important;\n}\n.elementor-2234 .elementor-element.elementor-element-b16d00a:hover img {\n    filter: brightness(0) invert(1);\n}\/* End custom CSS *\/<\/style>\t\t<div data-elementor-type=\"section\" data-elementor-id=\"2234\" class=\"elementor elementor-2234 dce-elementor-rendering-id-3\" data-elementor-post-type=\"elementor_library\">\n\t\t\t<a class=\"elementor-element elementor-element-b16d00a e-con-full e-flex e-con e-parent\" data-id=\"b16d00a\" data-element_type=\"container\" data-settings=\"{&quot;background_background&quot;:&quot;classic&quot;}\" href=\"https:\/\/app.farmres.eu\/de\/first-aid-tools\/unterstuetzungsorganisationen-nach-land\">\n\t\t\t\t<div class=\"elementor-element elementor-element-e70d6d0 elementor-widget__width-initial dce_masking-none elementor-widget elementor-widget-image\" data-id=\"e70d6d0\" data-element_type=\"widget\" data-widget_type=\"image.default\">\n\t\t\t\t<div class=\"elementor-widget-container\">\n\t\t\t\t\t\t\t\t\t\t\t\t\t<img decoding=\"async\" width=\"1\" height=\"1\" src=\"https:\/\/app.farmres.eu\/wp-content\/uploads\/2024\/07\/2-organisations-by-country.svg\" class=\"attachment-large size-large wp-image-2218\" alt=\"\" \/>\t\t\t\t\t\t\t\t\t\t\t\t\t<\/div>\n\t\t\t\t<\/div>\n\t\t\t\t<div class=\"elementor-element elementor-element-257490e elementor-widget elementor-widget-heading\" data-id=\"257490e\" data-element_type=\"widget\" data-widget_type=\"heading.default\">\n\t\t\t\t<div class=\"elementor-widget-container\">\n\t\t\t<span class=\"elementor-heading-title elementor-size-default\">03<\/span>\t\t<\/div>\n\t\t\t\t<\/div>\n\t\t\t\t<div class=\"elementor-element elementor-element-3aa913f elementor-widget__width-inherit elementor-widget-tablet__width-inherit elementor-widget elementor-widget-heading\" data-id=\"3aa913f\" data-element_type=\"widget\" data-widget_type=\"heading.default\">\n\t\t\t\t<div class=\"elementor-widget-container\">\n\t\t\t<h3 class=\"elementor-heading-title elementor-size-default\">Unterst\u00fctzungsorganisationen nach Land<\/h3>\t\t<\/div>\n\t\t\t\t<\/div>\n\t\t\t\t<\/a>\n\t\t\t\t<\/div>\n\t\t\t\t\t<\/div>\n\t\t<\/article>\n\t\t\t\t\t<\/div>\n\t\t\t\t\t<\/div>\n\t\t\t\t<\/div>\n\t\t\t\t<\/div>\n\t\t\t\t\t<\/div>\n\t\t\t\t<\/div>\n\t\t\t\t<\/div>\n\t\t","protected":false},"excerpt":{"rendered":"<p>Erste-Hilfe-Material F\u00fcr Familienangeh\u00f6rige und Berater von Landwirten<\/p>\n","protected":false},"author":1,"featured_media":0,"parent":0,"menu_order":0,"comment_status":"closed","ping_status":"closed","template":"elementor_header_footer","meta":{"_acf_changed":false,"footnotes":""},"class_list":["post-3053","page","type-page","status-publish","hentry"],"acf":[],"yoast_head":"<!-- This site is optimized with the Yoast SEO plugin v23.9 - https:\/\/yoast.com\/wordpress\/plugins\/seo\/ -->\n<title>Erste-Hilfe-Material f\u00fcr Berater - FARMRes web-app<\/title>\n<meta name=\"robots\" content=\"index, follow, max-snippet:-1, max-image-preview:large, max-video-preview:-1\" \/>\n<link rel=\"canonical\" href=\"https:\/\/app.farmres.eu\/de\/erste-hilfe-material-fuer-berater\" \/>\n<meta property=\"og:locale\" content=\"de_DE\" \/>\n<meta property=\"og:type\" content=\"article\" \/>\n<meta property=\"og:title\" content=\"Erste-Hilfe-Material f\u00fcr Berater - FARMRes web-app\" \/>\n<meta property=\"og:description\" content=\"Erste-Hilfe-Material F\u00fcr Familienangeh\u00f6rige und Berater von Landwirten\" \/>\n<meta property=\"og:url\" content=\"https:\/\/app.farmres.eu\/de\/erste-hilfe-material-fuer-berater\" \/>\n<meta property=\"og:site_name\" content=\"FARMRes web-app\" \/>\n<meta property=\"article:modified_time\" content=\"2024-07-29T09:43:20+00:00\" \/>\n<meta name=\"twitter:card\" content=\"summary_large_image\" \/>\n<script type=\"application\/ld+json\" class=\"yoast-schema-graph\">{\"@context\":\"https:\/\/schema.org\",\"@graph\":[{\"@type\":\"WebPage\",\"@id\":\"https:\/\/app.farmres.eu\/de\/erste-hilfe-material-fuer-berater\",\"url\":\"https:\/\/app.farmres.eu\/de\/erste-hilfe-material-fuer-berater\",\"name\":\"Erste-Hilfe-Material f\u00fcr Berater - FARMRes web-app\",\"isPartOf\":{\"@id\":\"https:\/\/app.farmres.eu\/fi\/#website\"},\"datePublished\":\"2024-07-10T08:23:22+00:00\",\"dateModified\":\"2024-07-29T09:43:20+00:00\",\"breadcrumb\":{\"@id\":\"https:\/\/app.farmres.eu\/de\/erste-hilfe-material-fuer-berater#breadcrumb\"},\"inLanguage\":\"de\",\"potentialAction\":[{\"@type\":\"ReadAction\",\"target\":[\"https:\/\/app.farmres.eu\/de\/erste-hilfe-material-fuer-berater\"]}]},{\"@type\":\"BreadcrumbList\",\"@id\":\"https:\/\/app.farmres.eu\/de\/erste-hilfe-material-fuer-berater#breadcrumb\",\"itemListElement\":[{\"@type\":\"ListItem\",\"position\":1,\"name\":\"Home\",\"item\":\"https:\/\/app.farmres.eu\/\"},{\"@type\":\"ListItem\",\"position\":2,\"name\":\"Erste-Hilfe-Material f\u00fcr Berater\"}]},{\"@type\":\"WebSite\",\"@id\":\"https:\/\/app.farmres.eu\/fi\/#website\",\"url\":\"https:\/\/app.farmres.eu\/fi\/\",\"name\":\"FARMRes web-app\",\"description\":\"\",\"publisher\":{\"@id\":\"https:\/\/app.farmres.eu\/fi\/#organization\"},\"potentialAction\":[{\"@type\":\"SearchAction\",\"target\":{\"@type\":\"EntryPoint\",\"urlTemplate\":\"https:\/\/app.farmres.eu\/fi\/?s={search_term_string}\"},\"query-input\":{\"@type\":\"PropertyValueSpecification\",\"valueRequired\":true,\"valueName\":\"search_term_string\"}}],\"inLanguage\":\"de\"},{\"@type\":\"Organization\",\"@id\":\"https:\/\/app.farmres.eu\/fi\/#organization\",\"name\":\"FARMRes web-app\",\"url\":\"https:\/\/app.farmres.eu\/fi\/\",\"logo\":{\"@type\":\"ImageObject\",\"inLanguage\":\"de\",\"@id\":\"https:\/\/app.farmres.eu\/fi\/#\/schema\/logo\/image\/\",\"url\":\"https:\/\/app.farmres.eu\/wp-content\/uploads\/2023\/06\/FARMRes-PNG_right.png\",\"contentUrl\":\"https:\/\/app.farmres.eu\/wp-content\/uploads\/2023\/06\/FARMRes-PNG_right.png\",\"width\":3336,\"height\":706,\"caption\":\"FARMRes web-app\"},\"image\":{\"@id\":\"https:\/\/app.farmres.eu\/fi\/#\/schema\/logo\/image\/\"}}]}<\/script>\n<!-- \/ Yoast SEO plugin. -->","yoast_head_json":{"title":"Erste-Hilfe-Material f\u00fcr Berater - FARMRes web-app","robots":{"index":"index","follow":"follow","max-snippet":"max-snippet:-1","max-image-preview":"max-image-preview:large","max-video-preview":"max-video-preview:-1"},"canonical":"https:\/\/app.farmres.eu\/de\/erste-hilfe-material-fuer-berater","og_locale":"de_DE","og_type":"article","og_title":"Erste-Hilfe-Material f\u00fcr Berater - FARMRes web-app","og_description":"Erste-Hilfe-Material F\u00fcr Familienangeh\u00f6rige und Berater von Landwirten","og_url":"https:\/\/app.farmres.eu\/de\/erste-hilfe-material-fuer-berater","og_site_name":"FARMRes web-app","article_modified_time":"2024-07-29T09:43:20+00:00","twitter_card":"summary_large_image","schema":{"@context":"https:\/\/schema.org","@graph":[{"@type":"WebPage","@id":"https:\/\/app.farmres.eu\/de\/erste-hilfe-material-fuer-berater","url":"https:\/\/app.farmres.eu\/de\/erste-hilfe-material-fuer-berater","name":"Erste-Hilfe-Material f\u00fcr Berater - FARMRes web-app","isPartOf":{"@id":"https:\/\/app.farmres.eu\/fi\/#website"},"datePublished":"2024-07-10T08:23:22+00:00","dateModified":"2024-07-29T09:43:20+00:00","breadcrumb":{"@id":"https:\/\/app.farmres.eu\/de\/erste-hilfe-material-fuer-berater#breadcrumb"},"inLanguage":"de","potentialAction":[{"@type":"ReadAction","target":["https:\/\/app.farmres.eu\/de\/erste-hilfe-material-fuer-berater"]}]},{"@type":"BreadcrumbList","@id":"https:\/\/app.farmres.eu\/de\/erste-hilfe-material-fuer-berater#breadcrumb","itemListElement":[{"@type":"ListItem","position":1,"name":"Home","item":"https:\/\/app.farmres.eu\/"},{"@type":"ListItem","position":2,"name":"Erste-Hilfe-Material f\u00fcr Berater"}]},{"@type":"WebSite","@id":"https:\/\/app.farmres.eu\/fi\/#website","url":"https:\/\/app.farmres.eu\/fi\/","name":"FARMRes web-app","description":"","publisher":{"@id":"https:\/\/app.farmres.eu\/fi\/#organization"},"potentialAction":[{"@type":"SearchAction","target":{"@type":"EntryPoint","urlTemplate":"https:\/\/app.farmres.eu\/fi\/?s={search_term_string}"},"query-input":{"@type":"PropertyValueSpecification","valueRequired":true,"valueName":"search_term_string"}}],"inLanguage":"de"},{"@type":"Organization","@id":"https:\/\/app.farmres.eu\/fi\/#organization","name":"FARMRes web-app","url":"https:\/\/app.farmres.eu\/fi\/","logo":{"@type":"ImageObject","inLanguage":"de","@id":"https:\/\/app.farmres.eu\/fi\/#\/schema\/logo\/image\/","url":"https:\/\/app.farmres.eu\/wp-content\/uploads\/2023\/06\/FARMRes-PNG_right.png","contentUrl":"https:\/\/app.farmres.eu\/wp-content\/uploads\/2023\/06\/FARMRes-PNG_right.png","width":3336,"height":706,"caption":"FARMRes web-app"},"image":{"@id":"https:\/\/app.farmres.eu\/fi\/#\/schema\/logo\/image\/"}}]}},"_links":{"self":[{"href":"https:\/\/app.farmres.eu\/de\/wp-json\/wp\/v2\/pages\/3053","targetHints":{"allow":["GET"]}}],"collection":[{"href":"https:\/\/app.farmres.eu\/de\/wp-json\/wp\/v2\/pages"}],"about":[{"href":"https:\/\/app.farmres.eu\/de\/wp-json\/wp\/v2\/types\/page"}],"author":[{"embeddable":true,"href":"https:\/\/app.farmres.eu\/de\/wp-json\/wp\/v2\/users\/1"}],"replies":[{"embeddable":true,"href":"https:\/\/app.farmres.eu\/de\/wp-json\/wp\/v2\/comments?post=3053"}],"version-history":[{"count":1,"href":"https:\/\/app.farmres.eu\/de\/wp-json\/wp\/v2\/pages\/3053\/revisions"}],"predecessor-version":[{"id":3054,"href":"https:\/\/app.farmres.eu\/de\/wp-json\/wp\/v2\/pages\/3053\/revisions\/3054"}],"wp:attachment":[{"href":"https:\/\/app.farmres.eu\/de\/wp-json\/wp\/v2\/media?parent=3053"}],"curies":[{"name":"wp","href":"https:\/\/api.w.org\/{rel}","templated":true}]}}