{"id":2644,"date":"2024-07-19T06:36:04","date_gmt":"2024-07-19T06:36:04","guid":{"rendered":"https:\/\/app.farmres.eu\/instrumente-der-praevention"},"modified":"2024-07-22T07:13:39","modified_gmt":"2024-07-22T07:13:39","slug":"instrumente-der-praevention","status":"publish","type":"page","link":"https:\/\/app.farmres.eu\/de\/instrumente-der-praevention","title":{"rendered":"Instrumente der Pr\u00e4vention"},"content":{"rendered":"\t\t<div data-elementor-type=\"wp-page\" data-elementor-id=\"2644\" class=\"elementor elementor-2644 elementor-2361\" data-elementor-post-type=\"page\">\n\t\t\t\t<div class=\"elementor-element elementor-element-75068ecc e-flex e-con-boxed e-con e-parent\" data-id=\"75068ecc\" data-element_type=\"container\" data-settings=\"{&quot;background_background&quot;:&quot;classic&quot;,&quot;shape_divider_bottom&quot;:&quot;curve&quot;,&quot;shape_divider_bottom_negative&quot;:&quot;yes&quot;}\">\n\t\t\t\t\t<div class=\"e-con-inner\">\n\t\t\t\t<div class=\"elementor-shape elementor-shape-bottom\" data-negative=\"true\">\n\t\t\t<svg xmlns=\"http:\/\/www.w3.org\/2000\/svg\" viewBox=\"0 0 1000 100\" preserveAspectRatio=\"none\">\n\t<path class=\"elementor-shape-fill\" d=\"M500,97C126.7,96.3,0.8,19.8,0,0v100l1000,0V1C1000,19.4,873.3,97.8,500,97z\"\/>\n<\/svg>\t\t<\/div>\n\t\t\t\t<div class=\"elementor-element elementor-element-f3bb2f2 elementor-widget elementor-widget-text-editor\" data-id=\"f3bb2f2\" data-element_type=\"widget\" data-widget_type=\"text-editor.default\">\n\t\t\t\t<div class=\"elementor-widget-container\">\n\t\t\t\t\t\t\t<p><strong>Das Farmers Mental Health and Wellbeing Training Toolkit <\/strong> ist eine umfassende Bildungsressource, die die psychische und physische Gesundheit von Landwirten durch eine Vielzahl von Modulen unterst\u00fctzen soll.<\/p>\n\t\t\t\t\t\t<\/div>\n\t\t\t\t<\/div>\n\t\t\t\t\t<\/div>\n\t\t\t\t<\/div>\n\t\t<div class=\"elementor-element elementor-element-ff4120b success_cnt e-flex e-con-boxed e-con e-parent\" data-id=\"ff4120b\" data-element_type=\"container\" data-settings=\"{&quot;background_background&quot;:&quot;classic&quot;}\">\n\t\t\t\t\t<div class=\"e-con-inner\">\n\t\t\t\t<div class=\"elementor-element elementor-element-c1824e2 elementor-widget__width-initial elementor-widget elementor-widget-text-editor\" data-id=\"c1824e2\" data-element_type=\"widget\" data-widget_type=\"text-editor.default\">\n\t\t\t\t<div class=\"elementor-widget-container\">\n\t\t\t\t\t\t\t<p>Das Toolkit betont auch, wie wichtig es ist, die F\u00fcnf Wege zum Wohlbefinden &#8211; eine Reihe von evidenzbasierten Ma\u00dfnahmen zur Verbesserung des pers\u00f6nlichen Wohlbefindens &#8211; in den Alltag zu integrieren, die speziell auf die besonderen Herausforderungen von Landwirten zugeschnitten sind. Dazu geh\u00f6ren der Kontakt zu anderen Menschen, Bewegung, das Wahrnehmen der eigenen Umgebung und Gef\u00fchle, kontinuierliches Lernen und das Geben an andere. <\/p>\n<p>Jedes Modul des Toolkits ist praxisorientiert und direkt anwendbar. Es vermittelt Landwirten, ihren Familien und Beratern das Wissen und die F\u00e4higkeiten, die sie f\u00fcr einen proaktiven und effektiven Umgang mit ihrer psychischen Gesundheit ben\u00f6tigen. Das Toolkit ist Teil einer umfassenderen Initiative zur Verbesserung des Zugangs zu Bildungs- und psychischen Gesundheitsressourcen f\u00fcr Landwirte, insbesondere in l\u00e4ndlichen Gebieten. <\/p>\n\t\t\t\t\t\t<\/div>\n\t\t\t\t<\/div>\n\t\t<div class=\"elementor-element elementor-element-bfab0fb e-con-full e-grid e-con e-child\" data-id=\"bfab0fb\" data-element_type=\"container\">\n\t\t<a data-dce-background-image-url=\"https:\/\/app.farmres.eu\/wp-content\/uploads\/2024\/07\/Tool-0-icon.svg\" class=\"elementor-element elementor-element-696f007 e-con-full e-flex e-con e-child\" data-id=\"696f007\" data-element_type=\"container\" data-settings=\"{&quot;background_background&quot;:&quot;classic&quot;}\" href=\"https:\/\/app.farmres.eu\/tool-0-introduction-self-learning-principles-and-basic-digital-skills-and-competences\">\n\t\t\t\t<div class=\"elementor-element elementor-element-52a307f elementor-widget elementor-widget-heading\" data-id=\"52a307f\" data-element_type=\"widget\" data-widget_type=\"heading.default\">\n\t\t\t\t<div class=\"elementor-widget-container\">\n\t\t\t<h3 class=\"elementor-heading-title elementor-size-default\">00. Einleitung: Prinzipien des Selbstlernens und grundlegende digitale F\u00e4higkeiten und Kompetenzen.<\/h3>\t\t<\/div>\n\t\t\t\t<\/div>\n\t\t\t\t<\/a>\n\t\t<a data-dce-background-image-url=\"https:\/\/app.farmres.eu\/wp-content\/uploads\/2024\/07\/Tool-1-icon.svg\" class=\"elementor-element elementor-element-1e134dc e-con-full e-flex e-con e-child\" data-id=\"1e134dc\" data-element_type=\"container\" data-settings=\"{&quot;background_background&quot;:&quot;classic&quot;}\" href=\"https:\/\/app.farmres.eu\/tool-1-mental-health-challenges-and-stigma-reduction\">\n\t\t\t\t<div class=\"elementor-element elementor-element-090927a elementor-widget__width-initial elementor-widget elementor-widget-heading\" data-id=\"090927a\" data-element_type=\"widget\" data-widget_type=\"heading.default\">\n\t\t\t\t<div class=\"elementor-widget-container\">\n\t\t\t<h3 class=\"elementor-heading-title elementor-size-default\">01. Psychische Probleme und Stigma-Abbau<\/h3>\t\t<\/div>\n\t\t\t\t<\/div>\n\t\t\t\t<\/a>\n\t\t<a data-dce-background-image-url=\"https:\/\/app.farmres.eu\/wp-content\/uploads\/2024\/07\/Tool-2-icon.svg\" class=\"elementor-element elementor-element-f8d3229 e-con-full e-flex e-con e-child\" data-id=\"f8d3229\" data-element_type=\"container\" data-settings=\"{&quot;background_background&quot;:&quot;classic&quot;}\" href=\"https:\/\/app.farmres.eu\/tool-2-how-to-talk-about-mental-health\">\n\t\t\t\t<div class=\"elementor-element elementor-element-51c430a elementor-widget__width-initial elementor-widget elementor-widget-heading\" data-id=\"51c430a\" data-element_type=\"widget\" data-widget_type=\"heading.default\">\n\t\t\t\t<div class=\"elementor-widget-container\">\n\t\t\t<h3 class=\"elementor-heading-title elementor-size-default\">02. Wie man \u00fcber psychische Gesundheit spricht<\/h3>\t\t<\/div>\n\t\t\t\t<\/div>\n\t\t\t\t<\/a>\n\t\t<a data-dce-background-image-url=\"https:\/\/app.farmres.eu\/wp-content\/uploads\/2024\/07\/Tool-3-icon.svg\" class=\"elementor-element elementor-element-4059a46 e-con-full e-flex e-con e-child\" data-id=\"4059a46\" data-element_type=\"container\" data-settings=\"{&quot;background_background&quot;:&quot;classic&quot;}\" href=\"https:\/\/app.farmres.eu\/tool-3-feeling-strong-emotions-and-farming-success\">\n\t\t\t\t<div class=\"elementor-element elementor-element-bd468da elementor-widget elementor-widget-heading\" data-id=\"bd468da\" data-element_type=\"widget\" data-widget_type=\"heading.default\">\n\t\t\t\t<div class=\"elementor-widget-container\">\n\t\t\t<h3 class=\"elementor-heading-title elementor-size-default\">03. Sich stark f\u00fchlen: Emotionen und Erfolg in der Landwirtschaft<\/h3>\t\t<\/div>\n\t\t\t\t<\/div>\n\t\t\t\t<\/a>\n\t\t<a data-dce-background-image-url=\"https:\/\/app.farmres.eu\/wp-content\/uploads\/2024\/07\/Tool-4-icon.svg\" class=\"elementor-element elementor-element-f153be2 e-con-full e-flex e-con e-child\" data-id=\"f153be2\" data-element_type=\"container\" data-settings=\"{&quot;background_background&quot;:&quot;classic&quot;}\" href=\"https:\/\/app.farmres.eu\/tool-4-business-management-aiming-at-reducing-stress-factors\">\n\t\t\t\t<div class=\"elementor-element elementor-element-2245247 elementor-widget elementor-widget-heading\" data-id=\"2245247\" data-element_type=\"widget\" data-widget_type=\"heading.default\">\n\t\t\t\t<div class=\"elementor-widget-container\">\n\t\t\t<h3 class=\"elementor-heading-title elementor-size-default\">04. Betriebsf\u00fchrung mit dem Ziel, Stressfaktoren zu reduzieren<\/h3>\t\t<\/div>\n\t\t\t\t<\/div>\n\t\t\t\t<\/a>\n\t\t<a data-dce-background-image-url=\"https:\/\/app.farmres.eu\/wp-content\/uploads\/2024\/07\/Tool-5-icon.svg\" class=\"elementor-element elementor-element-9775f8c e-con-full e-flex e-con e-child\" data-id=\"9775f8c\" data-element_type=\"container\" data-settings=\"{&quot;background_background&quot;:&quot;classic&quot;}\" href=\"https:\/\/app.farmres.eu\/tool-5-time-management-on-family-farms-for-mental-health-and-work-life-balance\">\n\t\t\t\t<div class=\"elementor-element elementor-element-ce84ca2 elementor-widget elementor-widget-heading\" data-id=\"ce84ca2\" data-element_type=\"widget\" data-widget_type=\"heading.default\">\n\t\t\t\t<div class=\"elementor-widget-container\">\n\t\t\t<h3 class=\"elementor-heading-title elementor-size-default\">05. Zeitmanagement in Familienbetrieben f\u00fcr psychische Gesundheit und Work-Life-Balance<\/h3>\t\t<\/div>\n\t\t\t\t<\/div>\n\t\t\t\t<\/a>\n\t\t\t\t<\/div>\n\t\t\t\t\t<\/div>\n\t\t\t\t<\/div>\n\t\t\t\t<\/div>\n\t\t","protected":false},"excerpt":{"rendered":"<p>Das Farmers Mental Health and Wellbeing Training Toolkit ist eine umfassende Bildungsressource, die die psychische und physische Gesundheit von Landwirten durch eine Vielzahl von Modulen unterst\u00fctzen soll. Das Toolkit betont auch, wie wichtig es ist, die F\u00fcnf Wege zum Wohlbefinden &#8211; eine Reihe von evidenzbasierten Ma\u00dfnahmen zur Verbesserung des pers\u00f6nlichen Wohlbefindens &#8211; in den Alltag [&hellip;]<\/p>\n","protected":false},"author":1,"featured_media":0,"parent":0,"menu_order":0,"comment_status":"closed","ping_status":"closed","template":"elementor_header_footer","meta":{"_acf_changed":false,"footnotes":""},"class_list":["post-2644","page","type-page","status-publish","hentry"],"acf":[],"yoast_head":"<!-- This site is optimized with the Yoast SEO plugin v23.9 - https:\/\/yoast.com\/wordpress\/plugins\/seo\/ -->\n<title>Instrumente der Pr\u00e4vention - FARMRes web-app<\/title>\n<meta name=\"robots\" content=\"index, follow, max-snippet:-1, max-image-preview:large, max-video-preview:-1\" \/>\n<link rel=\"canonical\" href=\"https:\/\/app.farmres.eu\/de\/instrumente-der-praevention\" \/>\n<meta property=\"og:locale\" content=\"de_DE\" \/>\n<meta property=\"og:type\" content=\"article\" \/>\n<meta property=\"og:title\" content=\"Instrumente der Pr\u00e4vention - FARMRes web-app\" \/>\n<meta property=\"og:description\" content=\"Das Farmers Mental Health and Wellbeing Training Toolkit ist eine umfassende Bildungsressource, die die psychische und physische Gesundheit von Landwirten durch eine Vielzahl von Modulen unterst\u00fctzen soll. Das Toolkit betont auch, wie wichtig es ist, die F\u00fcnf Wege zum Wohlbefinden &#8211; eine Reihe von evidenzbasierten Ma\u00dfnahmen zur Verbesserung des pers\u00f6nlichen Wohlbefindens &#8211; in den Alltag [&hellip;]\" \/>\n<meta property=\"og:url\" content=\"https:\/\/app.farmres.eu\/de\/instrumente-der-praevention\" \/>\n<meta property=\"og:site_name\" content=\"FARMRes web-app\" \/>\n<meta property=\"article:modified_time\" content=\"2024-07-22T07:13:39+00:00\" \/>\n<meta name=\"twitter:card\" content=\"summary_large_image\" \/>\n<meta name=\"twitter:label1\" content=\"Gesch\u00e4tzte Lesezeit\" \/>\n\t<meta name=\"twitter:data1\" content=\"1\u00a0Minute\" \/>\n<script type=\"application\/ld+json\" class=\"yoast-schema-graph\">{\"@context\":\"https:\/\/schema.org\",\"@graph\":[{\"@type\":\"WebPage\",\"@id\":\"https:\/\/app.farmres.eu\/de\/instrumente-der-praevention\",\"url\":\"https:\/\/app.farmres.eu\/de\/instrumente-der-praevention\",\"name\":\"Instrumente der Pr\u00e4vention - FARMRes web-app\",\"isPartOf\":{\"@id\":\"https:\/\/app.farmres.eu\/fi\/#website\"},\"datePublished\":\"2024-07-19T06:36:04+00:00\",\"dateModified\":\"2024-07-22T07:13:39+00:00\",\"breadcrumb\":{\"@id\":\"https:\/\/app.farmres.eu\/de\/instrumente-der-praevention#breadcrumb\"},\"inLanguage\":\"de\",\"potentialAction\":[{\"@type\":\"ReadAction\",\"target\":[\"https:\/\/app.farmres.eu\/de\/instrumente-der-praevention\"]}]},{\"@type\":\"BreadcrumbList\",\"@id\":\"https:\/\/app.farmres.eu\/de\/instrumente-der-praevention#breadcrumb\",\"itemListElement\":[{\"@type\":\"ListItem\",\"position\":1,\"name\":\"Home\",\"item\":\"https:\/\/app.farmres.eu\/\"},{\"@type\":\"ListItem\",\"position\":2,\"name\":\"Instrumente der Pr\u00e4vention\"}]},{\"@type\":\"WebSite\",\"@id\":\"https:\/\/app.farmres.eu\/fi\/#website\",\"url\":\"https:\/\/app.farmres.eu\/fi\/\",\"name\":\"FARMRes web-app\",\"description\":\"\",\"publisher\":{\"@id\":\"https:\/\/app.farmres.eu\/fi\/#organization\"},\"potentialAction\":[{\"@type\":\"SearchAction\",\"target\":{\"@type\":\"EntryPoint\",\"urlTemplate\":\"https:\/\/app.farmres.eu\/fi\/?s={search_term_string}\"},\"query-input\":{\"@type\":\"PropertyValueSpecification\",\"valueRequired\":true,\"valueName\":\"search_term_string\"}}],\"inLanguage\":\"de\"},{\"@type\":\"Organization\",\"@id\":\"https:\/\/app.farmres.eu\/fi\/#organization\",\"name\":\"FARMRes web-app\",\"url\":\"https:\/\/app.farmres.eu\/fi\/\",\"logo\":{\"@type\":\"ImageObject\",\"inLanguage\":\"de\",\"@id\":\"https:\/\/app.farmres.eu\/fi\/#\/schema\/logo\/image\/\",\"url\":\"https:\/\/app.farmres.eu\/wp-content\/uploads\/2023\/06\/FARMRes-PNG_right.png\",\"contentUrl\":\"https:\/\/app.farmres.eu\/wp-content\/uploads\/2023\/06\/FARMRes-PNG_right.png\",\"width\":3336,\"height\":706,\"caption\":\"FARMRes web-app\"},\"image\":{\"@id\":\"https:\/\/app.farmres.eu\/fi\/#\/schema\/logo\/image\/\"}}]}<\/script>\n<!-- \/ Yoast SEO plugin. -->","yoast_head_json":{"title":"Instrumente der Pr\u00e4vention - FARMRes web-app","robots":{"index":"index","follow":"follow","max-snippet":"max-snippet:-1","max-image-preview":"max-image-preview:large","max-video-preview":"max-video-preview:-1"},"canonical":"https:\/\/app.farmres.eu\/de\/instrumente-der-praevention","og_locale":"de_DE","og_type":"article","og_title":"Instrumente der Pr\u00e4vention - FARMRes web-app","og_description":"Das Farmers Mental Health and Wellbeing Training Toolkit ist eine umfassende Bildungsressource, die die psychische und physische Gesundheit von Landwirten durch eine Vielzahl von Modulen unterst\u00fctzen soll. Das Toolkit betont auch, wie wichtig es ist, die F\u00fcnf Wege zum Wohlbefinden &#8211; eine Reihe von evidenzbasierten Ma\u00dfnahmen zur Verbesserung des pers\u00f6nlichen Wohlbefindens &#8211; in den Alltag [&hellip;]","og_url":"https:\/\/app.farmres.eu\/de\/instrumente-der-praevention","og_site_name":"FARMRes web-app","article_modified_time":"2024-07-22T07:13:39+00:00","twitter_card":"summary_large_image","twitter_misc":{"Gesch\u00e4tzte Lesezeit":"1\u00a0Minute"},"schema":{"@context":"https:\/\/schema.org","@graph":[{"@type":"WebPage","@id":"https:\/\/app.farmres.eu\/de\/instrumente-der-praevention","url":"https:\/\/app.farmres.eu\/de\/instrumente-der-praevention","name":"Instrumente der Pr\u00e4vention - FARMRes web-app","isPartOf":{"@id":"https:\/\/app.farmres.eu\/fi\/#website"},"datePublished":"2024-07-19T06:36:04+00:00","dateModified":"2024-07-22T07:13:39+00:00","breadcrumb":{"@id":"https:\/\/app.farmres.eu\/de\/instrumente-der-praevention#breadcrumb"},"inLanguage":"de","potentialAction":[{"@type":"ReadAction","target":["https:\/\/app.farmres.eu\/de\/instrumente-der-praevention"]}]},{"@type":"BreadcrumbList","@id":"https:\/\/app.farmres.eu\/de\/instrumente-der-praevention#breadcrumb","itemListElement":[{"@type":"ListItem","position":1,"name":"Home","item":"https:\/\/app.farmres.eu\/"},{"@type":"ListItem","position":2,"name":"Instrumente der Pr\u00e4vention"}]},{"@type":"WebSite","@id":"https:\/\/app.farmres.eu\/fi\/#website","url":"https:\/\/app.farmres.eu\/fi\/","name":"FARMRes web-app","description":"","publisher":{"@id":"https:\/\/app.farmres.eu\/fi\/#organization"},"potentialAction":[{"@type":"SearchAction","target":{"@type":"EntryPoint","urlTemplate":"https:\/\/app.farmres.eu\/fi\/?s={search_term_string}"},"query-input":{"@type":"PropertyValueSpecification","valueRequired":true,"valueName":"search_term_string"}}],"inLanguage":"de"},{"@type":"Organization","@id":"https:\/\/app.farmres.eu\/fi\/#organization","name":"FARMRes web-app","url":"https:\/\/app.farmres.eu\/fi\/","logo":{"@type":"ImageObject","inLanguage":"de","@id":"https:\/\/app.farmres.eu\/fi\/#\/schema\/logo\/image\/","url":"https:\/\/app.farmres.eu\/wp-content\/uploads\/2023\/06\/FARMRes-PNG_right.png","contentUrl":"https:\/\/app.farmres.eu\/wp-content\/uploads\/2023\/06\/FARMRes-PNG_right.png","width":3336,"height":706,"caption":"FARMRes web-app"},"image":{"@id":"https:\/\/app.farmres.eu\/fi\/#\/schema\/logo\/image\/"}}]}},"_links":{"self":[{"href":"https:\/\/app.farmres.eu\/de\/wp-json\/wp\/v2\/pages\/2644","targetHints":{"allow":["GET"]}}],"collection":[{"href":"https:\/\/app.farmres.eu\/de\/wp-json\/wp\/v2\/pages"}],"about":[{"href":"https:\/\/app.farmres.eu\/de\/wp-json\/wp\/v2\/types\/page"}],"author":[{"embeddable":true,"href":"https:\/\/app.farmres.eu\/de\/wp-json\/wp\/v2\/users\/1"}],"replies":[{"embeddable":true,"href":"https:\/\/app.farmres.eu\/de\/wp-json\/wp\/v2\/comments?post=2644"}],"version-history":[{"count":1,"href":"https:\/\/app.farmres.eu\/de\/wp-json\/wp\/v2\/pages\/2644\/revisions"}],"predecessor-version":[{"id":2645,"href":"https:\/\/app.farmres.eu\/de\/wp-json\/wp\/v2\/pages\/2644\/revisions\/2645"}],"wp:attachment":[{"href":"https:\/\/app.farmres.eu\/de\/wp-json\/wp\/v2\/media?parent=2644"}],"curies":[{"name":"wp","href":"https:\/\/api.w.org\/{rel}","templated":true}]}}